{"id":3027,"date":"2020-10-15T10:19:33","date_gmt":"2020-10-15T08:19:33","guid":{"rendered":"https:\/\/budrich-training.de\/en\/?page_id=3027"},"modified":"2020-10-15T12:15:30","modified_gmt":"2020-10-15T10:15:30","slug":"ihr-weg-zur-publikation","status":"publish","type":"page","link":"https:\/\/budrich-training.de\/en\/ihr-weg-zur-publikation\/","title":{"rendered":"Ihr Weg zur Publikation"},"content":{"rendered":"<h3><img decoding=\"async\" class=\"size-medium wp-image-2648 alignleft\" src=\"https:\/\/budrich-training.de\/en\/wp-content\/uploads\/2020\/03\/Ver\u00f6ffentlichen-300x114.png\" alt=\"Ver\u00f6ffentlichen: den richtigen Publikationspartner finden und ansprechen. Kostenlose E-Mail-Serie\" width=\"300\" height=\"114\" srcset=\"https:\/\/budrich-training.de\/en\/wp-content\/uploads\/2020\/03\/Ver\u00f6ffentlichen-300x114.png 300w, https:\/\/budrich-training.de\/en\/wp-content\/uploads\/2020\/03\/Ver\u00f6ffentlichen-600x228.png 600w, https:\/\/budrich-training.de\/en\/wp-content\/uploads\/2020\/03\/Ver\u00f6ffentlichen-768x292.png 768w, https:\/\/budrich-training.de\/en\/wp-content\/uploads\/2020\/03\/Ver\u00f6ffentlichen.png 820w\" sizes=\"(max-width: 300px) 100vw, 300px\" \/>Wie Sie den richtigen Publikationspartner finden und ansprechen<\/h3>\n<p>F\u00fcr viele (angehende) Autor*innen stellt sich das Problem, den richtigen Publikationspartner zu finden sowie ihn gezielt und angemessen anzusprechen. Damit dies f\u00fcr Sie keine H\u00fcrde darstellt, hat Barbara Budrich eine kostenlose E-Mail-Serie entwickelt. Darin erl\u00e4utert sie Schritt f\u00fcr Schritt in leicht zu bew\u00e4ltigenden Etappen, wie es geht.<\/p>\n<p>Dabei steht Ihre eigene Motivation, Ihr Ziel im Vordergrund. Doch es wird auch darauf geschaut, was Sie anzubieten haben. Auf dieser Basis k\u00f6nnen Sie mit gr\u00f6\u00dferer Leichtigkeit ihre (potenziellen) Publikationspartner identifizieren. Sowohl der geeignete Zeitpunkt als auch die angemessene Art und Weise der Ansprache werden thematisiert. Dies kann f\u00fcr Sie zu einer effizienteren Herangehensweise an das wissenschaftliche Publizieren f\u00fchren und nimmt einen gro\u00dfen Teil der Unsicherheit.<\/p>\n<p>Nutzen Sie die kostenlose E-Mail-Serie in Kooperation mit dem Verlag Barbara Budrich f\u00fcr Ihren Einblick in die Welt des Publizierens; sie ist kostenlos und unverbindlich: <a href=\"https:\/\/seu2.cleverreach.com\/f\/163450-247106\/\" target=\"_blank\" rel=\"noopener noreferrer\">einfach anmelden<\/a>!<\/p>\n<p>&nbsp;<\/p>\n<p>&nbsp;<\/p>\n","protected":false},"excerpt":{"rendered":"<p>Wie Sie den richtigen Publikationspartner finden und ansprechen F\u00fcr viele (angehende) Autor*innen stellt sich das Problem, den richtigen Publikationspartner zu finden sowie ihn gezielt und angemessen anzusprechen. Damit dies f\u00fcr &#8230;<\/p>\n","protected":false},"author":6,"featured_media":0,"parent":0,"menu_order":0,"comment_status":"closed","ping_status":"closed","template":"","meta":{"_bbp_topic_count":0,"_bbp_reply_count":0,"_bbp_total_topic_count":0,"_bbp_total_reply_count":0,"_bbp_voice_count":0,"_bbp_anonymous_reply_count":0,"_bbp_topic_count_hidden":0,"_bbp_reply_count_hidden":0,"_bbp_forum_subforum_count":0,"footnotes":""},"class_list":["post-3027","page","type-page","status-publish","hentry"],"yoast_head":"<!-- This site is optimized with the Yoast SEO plugin v26.3 - https:\/\/yoast.com\/wordpress\/plugins\/seo\/ -->\n<title>Ihr Weg zur Publikation - budrich training<\/title>\n<meta name=\"robots\" content=\"index, follow, max-snippet:-1, max-image-preview:large, max-video-preview:-1\" \/>\n<link rel=\"canonical\" href=\"https:\/\/budrich-training.de\/en\/ihr-weg-zur-publikation\/\" \/>\n<meta property=\"og:locale\" content=\"en_US\" \/>\n<meta property=\"og:type\" content=\"article\" \/>\n<meta property=\"og:title\" content=\"Ihr Weg zur Publikation - budrich training\" \/>\n<meta property=\"og:description\" content=\"Wie Sie den richtigen Publikationspartner finden und ansprechen F\u00fcr viele (angehende) Autor*innen stellt sich das Problem, den richtigen Publikationspartner zu finden sowie ihn gezielt und angemessen anzusprechen. Damit dies f\u00fcr ...\" \/>\n<meta property=\"og:url\" content=\"https:\/\/budrich-training.de\/en\/ihr-weg-zur-publikation\/\" \/>\n<meta property=\"og:site_name\" content=\"budrich training\" \/>\n<meta property=\"article:modified_time\" content=\"2020-10-15T10:15:30+00:00\" \/>\n<meta name=\"twitter:card\" content=\"summary_large_image\" \/>\n<meta name=\"twitter:label1\" content=\"Gesch\u00e4tzte Lesezeit\" \/>\n\t<meta name=\"twitter:data1\" content=\"1\u00a0Minute\" \/>\n<script type=\"application\/ld+json\" class=\"yoast-schema-graph\">{\"@context\":\"https:\/\/schema.org\",\"@graph\":[{\"@type\":\"WebPage\",\"@id\":\"https:\/\/budrich-training.de\/en\/ihr-weg-zur-publikation\/\",\"url\":\"https:\/\/budrich-training.de\/en\/ihr-weg-zur-publikation\/\",\"name\":\"Ihr Weg zur Publikation - budrich training\",\"isPartOf\":{\"@id\":\"https:\/\/budrich-training.de\/en\/#website\"},\"datePublished\":\"2020-10-15T08:19:33+00:00\",\"dateModified\":\"2020-10-15T10:15:30+00:00\",\"breadcrumb\":{\"@id\":\"https:\/\/budrich-training.de\/en\/ihr-weg-zur-publikation\/#breadcrumb\"},\"inLanguage\":\"de\",\"potentialAction\":[{\"@type\":\"ReadAction\",\"target\":[\"https:\/\/budrich-training.de\/en\/ihr-weg-zur-publikation\/\"]}]},{\"@type\":\"BreadcrumbList\",\"@id\":\"https:\/\/budrich-training.de\/en\/ihr-weg-zur-publikation\/#breadcrumb\",\"itemListElement\":[{\"@type\":\"ListItem\",\"position\":1,\"name\":\"Startseite\",\"item\":\"https:\/\/budrich-training.de\/en\/\"},{\"@type\":\"ListItem\",\"position\":2,\"name\":\"Ihr Weg zur Publikation\"}]},{\"@type\":\"WebSite\",\"@id\":\"https:\/\/budrich-training.de\/en\/#website\",\"url\":\"https:\/\/budrich-training.de\/en\/\",\"name\":\"budrich training\",\"description\":\"Key skills for your academic career\",\"potentialAction\":[{\"@type\":\"SearchAction\",\"target\":{\"@type\":\"EntryPoint\",\"urlTemplate\":\"https:\/\/budrich-training.de\/en\/?s={search_term_string}\"},\"query-input\":{\"@type\":\"PropertyValueSpecification\",\"valueRequired\":true,\"valueName\":\"search_term_string\"}}],\"inLanguage\":\"de\"}]}<\/script>\n<!-- \/ Yoast SEO plugin. -->","yoast_head_json":{"title":"Ihr Weg zur Publikation - budrich training","robots":{"index":"index","follow":"follow","max-snippet":"max-snippet:-1","max-image-preview":"max-image-preview:large","max-video-preview":"max-video-preview:-1"},"canonical":"https:\/\/budrich-training.de\/en\/ihr-weg-zur-publikation\/","og_locale":"en_US","og_type":"article","og_title":"Ihr Weg zur Publikation - budrich training","og_description":"Wie Sie den richtigen Publikationspartner finden und ansprechen F\u00fcr viele (angehende) Autor*innen stellt sich das Problem, den richtigen Publikationspartner zu finden sowie ihn gezielt und angemessen anzusprechen. Damit dies f\u00fcr ...","og_url":"https:\/\/budrich-training.de\/en\/ihr-weg-zur-publikation\/","og_site_name":"budrich training","article_modified_time":"2020-10-15T10:15:30+00:00","twitter_card":"summary_large_image","twitter_misc":{"Gesch\u00e4tzte Lesezeit":"1\u00a0Minute"},"schema":{"@context":"https:\/\/schema.org","@graph":[{"@type":"WebPage","@id":"https:\/\/budrich-training.de\/en\/ihr-weg-zur-publikation\/","url":"https:\/\/budrich-training.de\/en\/ihr-weg-zur-publikation\/","name":"Ihr Weg zur Publikation - budrich training","isPartOf":{"@id":"https:\/\/budrich-training.de\/en\/#website"},"datePublished":"2020-10-15T08:19:33+00:00","dateModified":"2020-10-15T10:15:30+00:00","breadcrumb":{"@id":"https:\/\/budrich-training.de\/en\/ihr-weg-zur-publikation\/#breadcrumb"},"inLanguage":"de","potentialAction":[{"@type":"ReadAction","target":["https:\/\/budrich-training.de\/en\/ihr-weg-zur-publikation\/"]}]},{"@type":"BreadcrumbList","@id":"https:\/\/budrich-training.de\/en\/ihr-weg-zur-publikation\/#breadcrumb","itemListElement":[{"@type":"ListItem","position":1,"name":"Startseite","item":"https:\/\/budrich-training.de\/en\/"},{"@type":"ListItem","position":2,"name":"Ihr Weg zur Publikation"}]},{"@type":"WebSite","@id":"https:\/\/budrich-training.de\/en\/#website","url":"https:\/\/budrich-training.de\/en\/","name":"budrich training","description":"Key skills for your academic career","potentialAction":[{"@type":"SearchAction","target":{"@type":"EntryPoint","urlTemplate":"https:\/\/budrich-training.de\/en\/?s={search_term_string}"},"query-input":{"@type":"PropertyValueSpecification","valueRequired":true,"valueName":"search_term_string"}}],"inLanguage":"de"}]}},"_links":{"self":[{"href":"https:\/\/budrich-training.de\/en\/wp-json\/wp\/v2\/pages\/3027","targetHints":{"allow":["GET"]}}],"collection":[{"href":"https:\/\/budrich-training.de\/en\/wp-json\/wp\/v2\/pages"}],"about":[{"href":"https:\/\/budrich-training.de\/en\/wp-json\/wp\/v2\/types\/page"}],"author":[{"embeddable":true,"href":"https:\/\/budrich-training.de\/en\/wp-json\/wp\/v2\/users\/6"}],"replies":[{"embeddable":true,"href":"https:\/\/budrich-training.de\/en\/wp-json\/wp\/v2\/comments?post=3027"}],"version-history":[{"count":1,"href":"https:\/\/budrich-training.de\/en\/wp-json\/wp\/v2\/pages\/3027\/revisions"}],"predecessor-version":[{"id":3028,"href":"https:\/\/budrich-training.de\/en\/wp-json\/wp\/v2\/pages\/3027\/revisions\/3028"}],"wp:attachment":[{"href":"https:\/\/budrich-training.de\/en\/wp-json\/wp\/v2\/media?parent=3027"}],"curies":[{"name":"wp","href":"https:\/\/api.w.org\/{rel}","templated":true}]}}