{"id":1355,"date":"2017-10-31T14:21:15","date_gmt":"2017-10-31T13:21:15","guid":{"rendered":"http:\/\/budrich-training.de\/en\/?page_id=1355"},"modified":"2025-08-06T15:42:25","modified_gmt":"2025-08-06T13:42:25","slug":"impressum","status":"publish","type":"page","link":"https:\/\/budrich-training.de\/en\/impressum\/","title":{"rendered":"Impressum &#038; AGB"},"content":{"rendered":"<div class=\"translation-block\">\n<h3>Impressum<\/h3>\n<h4>Angaben gem\u00e4\u00df \u00a7 5 TMG<\/h4>\n<p>budrich training<br \/>\nStauffenbergstr. 7<br \/>\n51379 Leverkusen<\/p>\n<p>Gesch\u00e4ftsf\u00fchrung: Barbara Budrich<\/p>\n<h4>Kontakt<\/h4>\n<p>Telefon: (+49) (0)2171 79491 50<br \/>\nTelefax: (+49) (0)2171 79491 69<br \/>\nE-Mail: <a href=\"mailto:info@budrich.de\">info@budrich.de<\/a><\/p>\n<h4>Verantwortlich f\u00fcr den Inhalt nach \u00a7 55 Abs. 2 RStV<\/h4>\n<p>Barbara Budrich<br \/>\nStauffenbergstr. 7<br \/>\n51379 Leverkusen<br \/>\nDeutschland<\/p>\n<h4>Streitschlichtung<\/h4>\n<p>Wir sind nicht bereit oder verpflichtet, an Streitbeilegungsverfahren vor einer Verbraucherschlichtungsstelle teilzunehmen.<\/p>\n<h4>Haftung f\u00fcr Inhalte<\/h4>\n<p>Als Diensteanbieter sind wir gem\u00e4\u00df \u00a7 7 Abs.1 TMG f\u00fcr eigene Inhalte auf diesen Seiten nach den allgemeinen Gesetzen verantwortlich. Nach \u00a7\u00a7 8 bis 10 TMG sind wir als Diensteanbieter jedoch nicht verpflichtet, \u00fcbermittelte oder gespeicherte fremde Informationen zu \u00fcberwachen oder nach Umst\u00e4nden zu forschen, die auf eine rechtswidrige T\u00e4tigkeit hinweisen.<\/p>\n<p>Verpflichtungen zur Entfernung oder Sperrung der Nutzung von Informationen nach den allgemeinen Gesetzen bleiben hiervon unber\u00fchrt. Eine diesbez\u00fcgliche Haftung ist jedoch erst ab dem Zeitpunkt der Kenntnis einer konkreten Rechtsverletzung m\u00f6glich. Bei Bekanntwerden von entsprechenden Rechtsverletzungen werden wir diese Inhalte umgehend entfernen.<\/p>\n<h4>Haftung f\u00fcr Links<\/h4>\n<p>Unser Angebot enth\u00e4lt Links zu externen Websites Dritter, auf deren Inhalte wir keinen Einfluss haben. Deshalb k\u00f6nnen wir f\u00fcr diese fremden Inhalte auch keine Gew\u00e4hr \u00fcbernehmen. F\u00fcr die Inhalte der verlinkten Seiten ist stets der jeweilige Anbieter oder Betreiber der Seiten verantwortlich. Die verlinkten Seiten wurden zum Zeitpunkt der Verlinkung auf m\u00f6gliche Rechtsverst\u00f6\u00dfe \u00fcberpr\u00fcft. Rechtswidrige Inhalte waren zum Zeitpunkt der Verlinkung nicht erkennbar.<\/p>\n<p>Eine permanente inhaltliche Kontrolle der verlinkten Seiten ist jedoch ohne konkrete Anhaltspunkte einer Rechtsverletzung nicht zumutbar. Bei Bekanntwerden von Rechtsverletzungen werden wir derartige Links umgehend entfernen.<\/p>\n<h4>Urheberrecht<\/h4>\n<p>Die durch die Seitenbetreiber erstellten Inhalte und Werke auf diesen Seiten unterliegen dem deutschen Urheberrecht. Die Vervielf\u00e4ltigung, Bearbeitung, Verbreitung und jede Art der Verwertung au\u00dferhalb der Grenzen des Urheberrechtes bed\u00fcrfen der schriftlichen Zustimmung des jeweiligen Autors bzw. Erstellers. Downloads und Kopien dieser Seite sind nur f\u00fcr den privaten, nicht kommerziellen Gebrauch gestattet.<\/p>\n<p>Soweit die Inhalte auf dieser Seite nicht vom Betreiber erstellt wurden, werden die Urheberrechte Dritter beachtet. Insbesondere werden Inhalte Dritter als solche gekennzeichnet. Sollten Sie trotzdem auf eine Urheberrechtsverletzung aufmerksam werden, bitten wir um einen entsprechenden Hinweis. Bei Bekanntwerden von Rechtsverletzungen werden wir derartige Inhalte umgehend entfernen.<\/p>\n<p>&nbsp;<\/p>\n<h3>Allgemeine Gesch\u00e4ftsbedingungen \u00fcber die Teilnahme an Coachings, Seminaren und Lehrg\u00e4ngen von budrich training<\/h3>\n<h5>\u00a7 1 Geltungsbereich<\/h5>\n<p>1. Diese allgemeinen Gesch\u00e4ftsbedingungen gelten f\u00fcr die Teilnahme an Seminaren, Lehrg\u00e4ngen und sonstigen Veranstaltungen in den R\u00e4umen von budrich training oder in externen Veranstaltungsr\u00e4umen, wenn der Lernende SelbstzahlerIn ist und sofern nichts anderes bestimmt wird. Dar\u00fcber hinaus gelten diese Bestimmungen f\u00fcr den Erwerb von Online-Produkten (Coachingbriefe, Online-Wissenschaftscoaching, Online-Workshops usw.) von budrich training.<\/p>\n<p>2. Lernende i.S. dieser AGB sind nat\u00fcrliche Personen, mit denen in Gesch\u00e4ftsbeziehung getreten wird, ohne dass diese in Aus\u00fcbung einer gewerblichen oder selbst\u00e4ndigen T\u00e4tigkeit handeln. Organisationen i.S. dieser AGB sind nat\u00fcrliche und juristische Personen oder rechtsf\u00e4hige Personengesellschaften, mit denen in Gesch\u00e4ftsbeziehung getreten wird, welche in Aus\u00fcbung dienstlicher Verrichtungen oder in ihrer gewerblichen oder selbst\u00e4ndigen beruflichen T\u00e4tigkeit handeln.<\/p>\n<h5>\u00a7 2 Anmeldung und Vertragsschluss bzw. -dauer<\/h5>\n<p>Die Anmeldung und Buchung erfolgt schriftlich per eMail. Die Buchung gilt als angenommen, wenn budrich training nicht innerhalb von 14 Tagen nach Eingang der Buchung die Ablehnung erkl\u00e4rt hat.<\/p>\n<p>Vertr\u00e4ge zwischen budrich training und der\/dem Lernenden kommen durch Angebot und Annahme zustande, entweder m\u00fcndlich oder schriftlich. Die zur Rechnungstellung und Kontaktaufnahme notwendigen Daten sind dabei wahrheitsgem\u00e4\u00df zu nennen. budrich training wird Interessierten ein Angebot unterbreiten, aus dem sich der Preis und die Leistungsbeschreibung ergeben \u2013 entweder m\u00fcndlich, im Buchungsformular bzw. als Informationsblatt in digitaler Form.\u2028 Der Vertrag f\u00fcr Veranstaltungen und Abonnements kommt erst nach Annahme dieses Angebots durch die\/den Lernende\/n sowie die darauf folgende Best\u00e4tigung durch budrich training (schriftlich per E-Mail, per Telefax oder per Post) zustande.<\/p>\n<p>Der Vertrag endet mit Ablauf der vereinbarten Vertragsdauer, ohne dass es einer K\u00fcndigung bedarf.\u2028 Ansonsten gilt der Vertrag als auf unbestimmte Zeit geschlossen.<\/p>\n<h5>\u00a7 3 <strong>Widerruf und Widerrufsbelehrung<\/strong><\/h5>\n<p><strong>Widerrufsbelehrung\u00a0<\/strong><\/p>\n<p>Sie haben das Recht, binnen vierzehn Tagen ohne Angabe von Gr\u00fcnden diesen Vertrag zu widerrufen. Die Widerrufsfrist betr\u00e4gt vierzehn Tage ab dem Tag des Vertragsschlusses.<\/p>\n<p>Um Ihr Widerrufsrecht auszu\u00fcben, m\u00fcssen Sie uns, budrich training (Kontaktdaten s.o.), mittels einer eindeutigen Erkl\u00e4rung (z.B. eines mit der Post versandten Briefes, Telefax oder einer E-Mail) \u00fcber Ihren Entschluss, diesen Vertrag zu widerrufen, informieren. Zur Wahrung der Widerrufsfrist reicht es aus, dass Sie die Mitteilung \u00fcber die Aus\u00fcbung des Widerrufsrechts vor Ablauf der Widerrufsfrist absenden. Der Widerruf hat folgenden Inhalt:<\/p>\n<p>\u201eHiermit widerrufe ich den von mir abgeschlossenen Vertrag \u00fcber den Kauf der folgenden Waren\/die Erbringung der folgenden Dienstleistung: \u2026 Bestellt am: \u2026 Erhalten am \u2026, Name des Verbrauchers: \u2026, Anschrift des Verbrauchers: \u2026, Datum: \u2026, Unterschrift des Verbrauchers: \u2026<\/p>\n<p><strong>Folgen des Widerrufs\u00a0<\/strong><\/p>\n<p>Wenn Sie diesen Vertrag widerrufen, haben wir Ihnen alle Zahlungen, die wir von Ihnen erhalten haben, einschlie\u00dflich der Lieferkosten (mit Ausnahme der zus\u00e4tzlichen Kosten, die sich daraus ergeben, dass Sie eine andere Art der Lieferung als die von uns angebotene, g\u00fcnstigste Standardlieferung gew\u00e4hlt haben), unverz\u00fcglich und sp\u00e4testens binnen vierzehn Tagen ab dem Tag zur\u00fcckzuzahlen, an dem die Mitteilung \u00fcber Ihren Widerruf dieses Vertrags bei uns eingegangen ist. F\u00fcr diese R\u00fcckzahlung verwenden wir dasselbe Zahlungsmittel, das Sie bei der urspr\u00fcnglichen Transaktion eingesetzt haben, es sei denn, mit Ihnen wurde ausdr\u00fccklich etwas anderes vereinbart; in keinem Fall werden Ihnen wegen dieser R\u00fcckzahlung Entgelte berechnet.<\/p>\n<p>Haben Sie verlangt, dass die Dienstleistungen w\u00e4hrend der Widerrufsfrist beginnen sollen, so haben Sie uns einen angemessenen Betrag zu zahlen, der dem Anteil der bis zu dem Zeitpunkt, zu dem Sie uns von der Aus\u00fcbung des Widerrufsrechts hinsichtlich dieses Vertrags unterrichten, bereits erbrachten Dienstleistungen im Vergleich zum Gesamtumfang der im Vertrag vorgesehenen Dienstleistungen entspricht.<\/p>\n<p><strong>Ausschluss bzw. vorzeitiges Erl\u00f6schen des Widerrufsrechts<\/strong><\/p>\n<p>Das Widerrufsrecht gilt nicht f\u00fcr Verbraucher, die zum Zeitpunkt des Vertragsschlusses keinem Mitgliedstaat der Europ\u00e4ischen Union angeh\u00f6ren und deren alleiniger Wohnsitz und Lieferadresse zum Zeitpunkt des Vertragsschlusses au\u00dferhalb der Europ\u00e4ischen Union liegen.<\/p>\n<h5>\u00a7 4 Stornierung<\/h5>\n<p>1. Der Widerruf von Buchungen seitens der\/des Lernenden erfolgt schriftlich per eMail, Brief oder Fax.<\/p>\n<p>2. Die Buchungen k\u00f6nnen storniert werden:<\/p>\n<p>a. von budrich training, falls die Mindestteilnehmerzahl unterschritten und dadurch die wirtschaftliche Durchf\u00fchrung der Veranstaltung nicht gew\u00e4hrleistet ist oder falls bei einem Ausfall der Dozentin\/des Dozenten eine Ersatzperson nicht zur Verf\u00fcgung steht. Scheidet eine Verschiebung der Veranstaltung auf einen Ausweichtermin oder die Buchung der\/des Lernenden auf eine vergleichbare Veranstaltung auf Grund mangelnder Zustimmung der\/des Lernenden aus, werden bereits gezahlte Teilnahmegeb\u00fchren r\u00fcckerstattet. Weitere Anspr\u00fcche sind ausgeschlossen.<\/p>\n<p>b. von Lernenden bis 15 Tage vor Beginn der jeweiligen Veranstaltung. Erfolgt die Stornierung zwischen 14 und 8 Tagen vor Beginn der Ma\u00dfnahme, werden 50% der Teilnahmegeb\u00fchren in Rechnung gestellt. Erfolgt die Stornierung weniger als 8 Tage vor Veranstaltungsbeginn sind die gesamten Geb\u00fchren zu entrichten. Dies gilt ebenso bei Umbuchungen, d.h. bei Stornierung der Buchung und Anmeldung zu einer anderen Fortbildungsma\u00dfnahme. \u00dcber die Einhaltung der Frist entscheidet der Eingang der Stornierung bei budrich training.<\/p>\n<h5>\u00a7 5 Unterk\u00fcnfte und Tagungsst\u00e4tten<\/h5>\n<p>1. Unterk\u00fcnfte m\u00fcssen von Lernenden\/der Organisation selbstst\u00e4ndig gebucht werden. Soweit\u00a0 budrich training Kontingente bei Unterk\u00fcnften und Tagungsst\u00e4tten vorreserviert hat, ist die Vorreservierung bis sp\u00e4testens 14 Tage vor Beginn der Veranstaltung gegen\u00fcber der Unterkunft und der Tagungsst\u00e4tte zu best\u00e4tigen oder abzusagen. Erfolgt innerhalb dieser Frist keine Best\u00e4tigung, erlischt die Vorreservierung.<\/p>\n<p>2. Die best\u00e4tigte Vorreservierung ist von den Lernenden\/der Organisation direkt gegen\u00fcber der Unterkunft und der Tagungsst\u00e4tte in eigener Verantwortung zu stornieren, falls die\/der Lernende\/die Organisation die Buchung einer Veranstaltung storniert. Die\/der Lernende\/ die Organisation hat die Kosten zu tragen, welche die jeweilige Unterkunft bzw. Tagungsst\u00e4tte aufgrund der Stornierung der Reservierung in Rechnung stellt.<\/p>\n<h5>\u00a7 6 Zahlungsbedingungen<\/h5>\n<p>1. Die Teilnahmegeb\u00fchr wird mit Zugang der Rechnung ohne jeden Abzug f\u00e4llig. Die Zahlung hat innerhalb von 14 Tagen unter Angabe des in der Rechnung genannten Verwendungszwecks auf das in der Rechnung genannte Konto von budrich training zu erfolgen. Nach Ablauf dieser Frist ger\u00e4t die\/der Lernende\/die Organisation in Zahlungsverzug.<\/p>\n<p>2. Die Leistungsentgelte von budrich training beinhalten die gesetzliche Umsatzsteuer.<\/p>\n<p>3. Die\/der Lernende oder die Organisation haben nur bei Gegenanspr\u00fcchen, die rechtskr\u00e4ftig festgestellt oder unbestritten sind, das Recht zur Aufrechnung. Die\/der Lernende\/die Organisation kann ferner ein Zur\u00fcckbehaltungsrecht nur aus\u00fcben, wenn sein Gegenanspruch auf demselben Vertragsverh\u00e4ltnis beruht.<\/p>\n<h5>\u00a7 7 Durchf\u00fchrung<\/h5>\n<p>Die Veranstaltungen werden entsprechend dem ver\u00f6ffentlichten Programminhalt durchgef\u00fchrt. budrich training beh\u00e4lt sich den Wechsel von DozentInnen und\/oder eine Verlegung bzw. \u00c4nderung im Programmablauf vor. Ein Anspruch auf Veranstaltungsdurchf\u00fchrung durch bestimmte DozentInnen besteht nicht soweit nichts anderes vereinbart ist.<\/p>\n<p>Die Coachingangebote sind keine Psychotherapie und eignen sich nicht als Ersatz f\u00fcr eine Psychotherapie. Die Teilnahme setzt psychische Gesundheit und \u2013 wie auch sonst beim Coaching und bei Seminaren \u00fcblich \u2013 eine normale psychische und physische Belastbarkeit voraus. Besteht von Seiten der DozentInnen berechtigter Zweifel an der Erf\u00fcllung dieser Voraussetzungen, kann der Vertrag von unserer Seite auch w\u00e4hrend des Coachings aus wichtigem Grund gek\u00fcndigt werden. Die Teilnahme an einer weiteren Veranstaltung bleibt bei entsprechender Eignung m\u00f6glich.<\/p>\n<p>Die Platzvergabe ergibt sich aus der Reihenfolge der Anmeldung zu den jeweiligen Veranstaltungen. Kann eine Anmeldung nicht ber\u00fccksichtigt werden, so werden wir dies den Teilnehmern umgehend mitteilen.<\/p>\n<h5>\u00a7 8 Teilnahmebescheinigungen<\/h5>\n<p>Teilnahmebescheinigungen werden auf Wunsch ausgestellt, wenn die\/der Lernende w\u00e4hrend der Veranstaltung zu 70% anwesend war.<\/p>\n<h5>\u00a7 9 Urheber- und Markenrechte<\/h5>\n<p>Die Seminarunterlagen von budrich training sind urheberrechtlich gesch\u00fctzt und d\u00fcrfen auch nicht auszugsweise ohne Einwilligung von budrich training vervielf\u00e4ltigt, \u00fcbersetzt, verarbeitet, verbreitet oder zur \u00f6ffentlichen Wiedergaben benutzt werden. budrich training beh\u00e4lt sich alle Rechte vor.<\/p>\n<h5>\u00a7 10 Haftung<\/h5>\n<p>1. Die Haftung von budrich training f\u00fcr leicht fahrl\u00e4ssige Pflichtverletzungen wird ausgeschlossen. Dies gilt auch bei leicht fahrl\u00e4ssigen Pflichtverletzungen der gesetzlichen VertreterInnen oder Erf\u00fcllungsgehilfInnen. Unber\u00fchrt hiervon bleibt die Haftung f\u00fcr die Verletzung von Pflichten, deren Erf\u00fcllung die ordnungsgem\u00e4\u00dfe Durchf\u00fchrung des Vertrages \u00fcberhaupt erst erm\u00f6glicht und auf deren Einhaltung die\/der Lernende\/ die Organisation regelm\u00e4\u00dfig vertrauen darf.<\/p>\n<p>2. Die Haftungsbeschr\u00e4nkungen unter Ziff. 1 gelten nicht bei budrich training oder deren gesetzlichen Vertretern oder Erf\u00fcllungsgehilfen zurechenbaren K\u00f6rper- und Gesundheitssch\u00e4den oder bei Verlust des Lebens der\/des Lernenden.<\/p>\n<p>3. budrich training haftet f\u00fcr den Inhalt der Seminarunterlagen nur im Falle vors\u00e4tzlichen oder grob fahrl\u00e4ssigen Verschuldens von budrich training oder einer\/eines Erf\u00fcllungsgehilfIn von budrich training.<\/p>\n<p>4. budrich training haftet nicht f\u00fcr den Verlust oder den Diebstahl mitgebrachter Gegenst\u00e4nde, insbesondere nicht f\u00fcr Garderobe und die darin befindlichen Wertsachen.<\/p>\n<h5>\u00a7 11 Hausordnung<\/h5>\n<p>1. Mit Vertragsabschluss verpflichtet sich die\/der VertragspartnerIn bzw. der\/die Teilnehmende, die jeweilige Hausordnung der genutzten Geb\u00e4ude einzuhalten.<\/p>\n<p>2. In den Veranstaltungen ist das Fotografieren und Filmen in der Regel nicht gestattet. \u00dcber Ausnahmen entscheidet budrich training ggf. in Absprache mit Betroffenen.<\/p>\n<h5><strong>\u00a712 Verschwiegenheitspflicht<\/strong><\/h5>\n<p>budrich training verpflichtet sich, w\u00e4hrend der Dauer einer Veranstaltung und auch nach deren Beendigung, \u00fcber alle Betriebs- und Gesch\u00e4ftsgeheimnisse der Lernenden oder sonstige private und intime Umst\u00e4nde, die den DozentInnen im Rahmen des Coachings bekannt werden, Stillschweigen zu bewahren.<\/p>\n<h5>\u00a7 13 Datenschutz<\/h5>\n<p>Hinweis gem\u00e4\u00df \u00a7 33 BDSG: Mit der Buchung willigen die Lernenden\/die Organisation ein, dass ihre personenbezogen Daten bei budrich training zum Zweck der internen Verarbeitung (Buchung, Teilnehmerliste, Rechnung) elektronisch gespeichert werden. budrich training verpflichtet sich, die Daten nicht an Dritte weiterzugeben, mit Ausnahme der Teilnehmerlisten, welche Namen, Dienststelle und Emailadresse der Teilnehmenden enth\u00e4lt, und an die Lernenden, die DozentInnen und die Tagungsst\u00e4tte weitergegeben werden k\u00f6nnen.<\/p>\n<h5>\u00a7 14 Schlussbestimmung<\/h5>\n<p>(1) Es gilt das Recht der Bundesrepublik Deutschland. Zwingende Bestimmungen des Staates, in dem Sie Ihren gew\u00f6hnlichen Aufenthalt haben, bleiben unber\u00fchrt.<\/p>\n<p>(2) Gerichtsstand f\u00fcr alle Streitigkeiten aus diesem Vertrag ist Leverkusen.<\/p>\n<\/div>\n","protected":false},"excerpt":{"rendered":"<p>Impressum Angaben gem\u00e4\u00df \u00a7 5 TMG budrich training Stauffenbergstr. 7 51379 Leverkusen Gesch\u00e4ftsf\u00fchrung: Barbara Budrich Kontakt Telefon: (+49) (0)2171 79491 50 Telefax: (+49) (0)2171 79491 69 E-Mail: info@budrich.de Verantwortlich f\u00fcr &#8230;<\/p>\n","protected":false},"author":6,"featured_media":0,"parent":0,"menu_order":0,"comment_status":"closed","ping_status":"closed","template":"","meta":{"_bbp_topic_count":0,"_bbp_reply_count":0,"_bbp_total_topic_count":0,"_bbp_total_reply_count":0,"_bbp_voice_count":0,"_bbp_anonymous_reply_count":0,"_bbp_topic_count_hidden":0,"_bbp_reply_count_hidden":0,"_bbp_forum_subforum_count":0,"footnotes":""},"class_list":["post-1355","page","type-page","status-publish","hentry"],"yoast_head":"<!-- This site is optimized with the Yoast SEO plugin v26.3 - https:\/\/yoast.com\/wordpress\/plugins\/seo\/ -->\n<title>Impressum &amp; AGB - budrich training<\/title>\n<meta name=\"robots\" content=\"index, follow, max-snippet:-1, max-image-preview:large, max-video-preview:-1\" \/>\n<link rel=\"canonical\" href=\"https:\/\/budrich-training.de\/en\/impressum\/\" \/>\n<meta property=\"og:locale\" content=\"en_US\" \/>\n<meta property=\"og:type\" content=\"article\" \/>\n<meta property=\"og:title\" content=\"Impressum &amp; AGB - budrich training\" \/>\n<meta property=\"og:description\" content=\"Impressum Angaben gem\u00e4\u00df \u00a7 5 TMG budrich training Stauffenbergstr. 7 51379 Leverkusen Gesch\u00e4ftsf\u00fchrung: Barbara Budrich Kontakt Telefon: (+49) (0)2171 79491 50 Telefax: (+49) (0)2171 79491 69 E-Mail: info@budrich.de Verantwortlich f\u00fcr ...\" \/>\n<meta property=\"og:url\" content=\"https:\/\/budrich-training.de\/en\/impressum\/\" \/>\n<meta property=\"og:site_name\" content=\"budrich training\" \/>\n<meta property=\"article:modified_time\" content=\"2025-08-06T13:42:25+00:00\" \/>\n<meta name=\"twitter:card\" content=\"summary_large_image\" \/>\n<meta name=\"twitter:label1\" content=\"Gesch\u00e4tzte Lesezeit\" \/>\n\t<meta name=\"twitter:data1\" content=\"11\u00a0Minuten\" \/>\n<script type=\"application\/ld+json\" class=\"yoast-schema-graph\">{\"@context\":\"https:\/\/schema.org\",\"@graph\":[{\"@type\":\"WebPage\",\"@id\":\"https:\/\/budrich-training.de\/en\/impressum\/\",\"url\":\"https:\/\/budrich-training.de\/en\/impressum\/\",\"name\":\"Impressum & AGB - budrich training\",\"isPartOf\":{\"@id\":\"https:\/\/budrich-training.de\/en\/#website\"},\"datePublished\":\"2017-10-31T13:21:15+00:00\",\"dateModified\":\"2025-08-06T13:42:25+00:00\",\"breadcrumb\":{\"@id\":\"https:\/\/budrich-training.de\/en\/impressum\/#breadcrumb\"},\"inLanguage\":\"de\",\"potentialAction\":[{\"@type\":\"ReadAction\",\"target\":[\"https:\/\/budrich-training.de\/en\/impressum\/\"]}]},{\"@type\":\"BreadcrumbList\",\"@id\":\"https:\/\/budrich-training.de\/en\/impressum\/#breadcrumb\",\"itemListElement\":[{\"@type\":\"ListItem\",\"position\":1,\"name\":\"Startseite\",\"item\":\"https:\/\/budrich-training.de\/en\/\"},{\"@type\":\"ListItem\",\"position\":2,\"name\":\"Impressum &#038; AGB\"}]},{\"@type\":\"WebSite\",\"@id\":\"https:\/\/budrich-training.de\/en\/#website\",\"url\":\"https:\/\/budrich-training.de\/en\/\",\"name\":\"budrich training\",\"description\":\"Key skills for your academic career\",\"potentialAction\":[{\"@type\":\"SearchAction\",\"target\":{\"@type\":\"EntryPoint\",\"urlTemplate\":\"https:\/\/budrich-training.de\/en\/?s={search_term_string}\"},\"query-input\":{\"@type\":\"PropertyValueSpecification\",\"valueRequired\":true,\"valueName\":\"search_term_string\"}}],\"inLanguage\":\"de\"}]}<\/script>\n<!-- \/ Yoast SEO plugin. -->","yoast_head_json":{"title":"Impressum & AGB - budrich training","robots":{"index":"index","follow":"follow","max-snippet":"max-snippet:-1","max-image-preview":"max-image-preview:large","max-video-preview":"max-video-preview:-1"},"canonical":"https:\/\/budrich-training.de\/en\/impressum\/","og_locale":"en_US","og_type":"article","og_title":"Impressum & AGB - budrich training","og_description":"Impressum Angaben gem\u00e4\u00df \u00a7 5 TMG budrich training Stauffenbergstr. 7 51379 Leverkusen Gesch\u00e4ftsf\u00fchrung: Barbara Budrich Kontakt Telefon: (+49) (0)2171 79491 50 Telefax: (+49) (0)2171 79491 69 E-Mail: info@budrich.de Verantwortlich f\u00fcr ...","og_url":"https:\/\/budrich-training.de\/en\/impressum\/","og_site_name":"budrich training","article_modified_time":"2025-08-06T13:42:25+00:00","twitter_card":"summary_large_image","twitter_misc":{"Gesch\u00e4tzte Lesezeit":"11\u00a0Minuten"},"schema":{"@context":"https:\/\/schema.org","@graph":[{"@type":"WebPage","@id":"https:\/\/budrich-training.de\/en\/impressum\/","url":"https:\/\/budrich-training.de\/en\/impressum\/","name":"Impressum & AGB - budrich training","isPartOf":{"@id":"https:\/\/budrich-training.de\/en\/#website"},"datePublished":"2017-10-31T13:21:15+00:00","dateModified":"2025-08-06T13:42:25+00:00","breadcrumb":{"@id":"https:\/\/budrich-training.de\/en\/impressum\/#breadcrumb"},"inLanguage":"de","potentialAction":[{"@type":"ReadAction","target":["https:\/\/budrich-training.de\/en\/impressum\/"]}]},{"@type":"BreadcrumbList","@id":"https:\/\/budrich-training.de\/en\/impressum\/#breadcrumb","itemListElement":[{"@type":"ListItem","position":1,"name":"Startseite","item":"https:\/\/budrich-training.de\/en\/"},{"@type":"ListItem","position":2,"name":"Impressum &#038; AGB"}]},{"@type":"WebSite","@id":"https:\/\/budrich-training.de\/en\/#website","url":"https:\/\/budrich-training.de\/en\/","name":"budrich training","description":"Key skills for your academic career","potentialAction":[{"@type":"SearchAction","target":{"@type":"EntryPoint","urlTemplate":"https:\/\/budrich-training.de\/en\/?s={search_term_string}"},"query-input":{"@type":"PropertyValueSpecification","valueRequired":true,"valueName":"search_term_string"}}],"inLanguage":"de"}]}},"_links":{"self":[{"href":"https:\/\/budrich-training.de\/en\/wp-json\/wp\/v2\/pages\/1355","targetHints":{"allow":["GET"]}}],"collection":[{"href":"https:\/\/budrich-training.de\/en\/wp-json\/wp\/v2\/pages"}],"about":[{"href":"https:\/\/budrich-training.de\/en\/wp-json\/wp\/v2\/types\/page"}],"author":[{"embeddable":true,"href":"https:\/\/budrich-training.de\/en\/wp-json\/wp\/v2\/users\/6"}],"replies":[{"embeddable":true,"href":"https:\/\/budrich-training.de\/en\/wp-json\/wp\/v2\/comments?post=1355"}],"version-history":[{"count":10,"href":"https:\/\/budrich-training.de\/en\/wp-json\/wp\/v2\/pages\/1355\/revisions"}],"predecessor-version":[{"id":8648,"href":"https:\/\/budrich-training.de\/en\/wp-json\/wp\/v2\/pages\/1355\/revisions\/8648"}],"wp:attachment":[{"href":"https:\/\/budrich-training.de\/en\/wp-json\/wp\/v2\/media?parent=1355"}],"curies":[{"name":"wp","href":"https:\/\/api.w.org\/{rel}","templated":true}]}}