{"id":1258,"date":"2016-02-12T08:09:36","date_gmt":"2016-02-12T08:09:36","guid":{"rendered":"http:\/\/demos.famethemes.com\/onepress\/?page_id=17"},"modified":"2022-11-22T17:16:19","modified_gmt":"2022-11-22T16:16:19","slug":"geschichte","status":"publish","type":"page","link":"https:\/\/budrich-training.de\/en\/geschichte\/","title":{"rendered":"Geschichte"},"content":{"rendered":"<p>Es muss wohl noch im vorigen Jahrhundert gewesen sein. Barbara Budrich arbeitete als Lektorin im Haus ihres Vaters Edmund Budrich &#8211; dem Verlag Leske + Budrich &#8211; und stand im regen Austausch mit vielen Wissenschaftler*innen. Die Co-Herausgeberin einer Buchreihe, die auch in der Nachwuchsf\u00f6rderung sehr aktiv war, sprach sie an: &#8220;Barbara, w\u00fcrdest Du mit unserem wissenschaftlichen Nachwuchs einen Workshop zum wissenschaftlichen Publizieren gestalten? Es sind Teilnehmer*innen eines Graduiertenkollegs und alle planen, im Laufe der n\u00e4chsten Zeit ihre Dissertationen zu ver\u00f6ffentlichen.&#8221; Wer Barbara Budrich kennt, kann sich vorstellen, dass sie sofort zugesagt hat. Und dann erst dar\u00fcber nachgedacht hat, wie genau denn so ein Workshop aussehen sollte, um f\u00fcr die angehenden Autor*innen wirklich sinnvoll und n\u00fctzlich zu sein. Das war der Anfang. Und der verlief erfolgreich.<\/p>\n<p><img decoding=\"async\" class=\"size-medium wp-image-56 alignright\" src=\"https:\/\/budrich-training.de\/en\/wp-content\/uploads\/2017\/10\/2012-TeilnehmerInnen-300x163.jpg\" alt=\"\" width=\"300\" height=\"163\" srcset=\"https:\/\/budrich-training.de\/en\/wp-content\/uploads\/2017\/10\/2012-TeilnehmerInnen-300x163.jpg 300w, https:\/\/budrich-training.de\/en\/wp-content\/uploads\/2017\/10\/2012-TeilnehmerInnen-600x326.jpg 600w, https:\/\/budrich-training.de\/en\/wp-content\/uploads\/2017\/10\/2012-TeilnehmerInnen-768x417.jpg 768w, https:\/\/budrich-training.de\/en\/wp-content\/uploads\/2017\/10\/2012-TeilnehmerInnen-1024x556.jpg 1024w\" sizes=\"(max-width: 300px) 100vw, 300px\" \/>\u00dcber die Jahre mehrten sich die Anfragen: von Hochschulen und Graduiertenkollegs, von deutschen und internationalen Fachgesellschaften, von Institutionen und Organisationen. Aus der Frauenf\u00f6rderung, aus der Nachwuchsf\u00f6rderung, aus den hochschuldidaktischen Zentren, aus Veranstaltungskomitees. Vortr\u00e4ge, Workshops, Webinare, Mentoring, Coaching. Im richtigen Leben und online. Telefonisch, per E-Mail, mit und ohne Textarbeit, \u00fcber Meeting-Software und Screenshare.<\/p>\n<p>2008 gr\u00fcndete Barbara Budrich gemeinsam mit zwei weiteren Gesch\u00e4ftspartnerinnen zun\u00e4chst die Text-Uni, die 2012 in budrich training \u00fcberf\u00fchrt wurde. Unter diesem Namen arbeitet mittlerweile ein <a href=\"https:\/\/budrich-training.de\/en\/unser-team\/\">Kernteam<\/a> von Trainer*innen unter der organisatorischen Leitung und Betreuung von Cathrin Mund.<\/p>\n<figure id=\"attachment_1458\" aria-describedby=\"caption-attachment-1458\" style=\"width: 300px\" class=\"wp-caption alignright\"><img fetchpriority=\"high\" decoding=\"async\" class=\"wp-image-1458 size-medium\" src=\"https:\/\/budrich-training.de\/en\/wp-content\/uploads\/2016\/02\/IMG_1285-e1509621143375-300x225.jpg\" alt=\"\" width=\"300\" height=\"225\" srcset=\"https:\/\/budrich-training.de\/en\/wp-content\/uploads\/2016\/02\/IMG_1285-e1509621143375-300x225.jpg 300w, https:\/\/budrich-training.de\/en\/wp-content\/uploads\/2016\/02\/IMG_1285-e1509621143375-600x450.jpg 600w, https:\/\/budrich-training.de\/en\/wp-content\/uploads\/2016\/02\/IMG_1285-e1509621143375-768x576.jpg 768w, https:\/\/budrich-training.de\/en\/wp-content\/uploads\/2016\/02\/IMG_1285-e1509621143375-1024x768.jpg 1024w, https:\/\/budrich-training.de\/en\/wp-content\/uploads\/2016\/02\/IMG_1285-e1509621143375.jpg 2048w\" sizes=\"(max-width: 300px) 100vw, 300px\" \/><figcaption id=\"caption-attachment-1458\" class=\"wp-caption-text\">University of the Free State, Bloemfontein, S\u00fcdafrika<\/figcaption><\/figure>\n<p>Der geografische Schwerpunkt der Aktivit\u00e4ten liegt in Deutschland, \u00d6sterreich und der Schweiz. Doch ist budrich training international t\u00e4tig: In Europa werden Veranstaltungen auch au\u00dferhalb des deutschsprachigen Raums insbesondere im Rahmen von Graduiertenschulen und Kongressen angefragt. Von Reykjavik \u00fcber Rom bis Ljubljana haben wir einschl\u00e4gige Vortr\u00e4ge und Workshops gehalten. Der entfernteste Veranstaltungsort war bislang Bloemfontein (S\u00fcdafrika), wo Barbara Budrich im Rahmen einer gro\u00dfen internationalen Veranstaltung einen englischsprachigen Workshop zum wissenschaftlichen Schreiben abhielt.<\/p>\n","protected":false},"excerpt":{"rendered":"<p>Nullam ut tempor eros. Donec faucibus, velit et imperdiet aliquam, lacus velit luctus urna, vitae porttitor orci libero id felis.<\/p>\n","protected":false},"author":6,"featured_media":18,"parent":0,"menu_order":0,"comment_status":"closed","ping_status":"closed","template":"","meta":{"_bbp_topic_count":0,"_bbp_reply_count":0,"_bbp_total_topic_count":0,"_bbp_total_reply_count":0,"_bbp_voice_count":0,"_bbp_anonymous_reply_count":0,"_bbp_topic_count_hidden":0,"_bbp_reply_count_hidden":0,"_bbp_forum_subforum_count":0,"footnotes":""},"class_list":["post-1258","page","type-page","status-publish","has-post-thumbnail","hentry"],"yoast_head":"<!-- This site is optimized with the Yoast SEO plugin v26.3 - https:\/\/yoast.com\/wordpress\/plugins\/seo\/ -->\n<title>Geschichte - budrich training<\/title>\n<meta name=\"robots\" content=\"index, follow, max-snippet:-1, max-image-preview:large, max-video-preview:-1\" \/>\n<link rel=\"canonical\" href=\"https:\/\/budrich-training.de\/en\/en\/geschichte\/\" \/>\n<meta property=\"og:locale\" content=\"en_US\" \/>\n<meta property=\"og:type\" content=\"article\" \/>\n<meta property=\"og:title\" content=\"Geschichte - budrich training\" \/>\n<meta property=\"og:description\" content=\"Nullam ut tempor eros. Donec faucibus, velit et imperdiet aliquam, lacus velit luctus urna, vitae porttitor orci libero id felis.\" \/>\n<meta property=\"og:url\" content=\"https:\/\/budrich-training.de\/en\/en\/geschichte\/\" \/>\n<meta property=\"og:site_name\" content=\"budrich training\" \/>\n<meta property=\"article:modified_time\" content=\"2022-11-22T16:16:19+00:00\" \/>\n<meta property=\"og:image\" content=\"https:\/\/budrich-training.de\/en\/wp-content\/uploads\/2017\/10\/library-2414380_1920-Varun-Kulkarni.jpg\" \/>\n\t<meta property=\"og:image:width\" content=\"1920\" \/>\n\t<meta property=\"og:image:height\" content=\"1280\" \/>\n\t<meta property=\"og:image:type\" content=\"image\/jpeg\" \/>\n<meta name=\"twitter:card\" content=\"summary_large_image\" \/>\n<meta name=\"twitter:label1\" content=\"Gesch\u00e4tzte Lesezeit\" \/>\n\t<meta name=\"twitter:data1\" content=\"2\u00a0Minuten\" \/>\n<script type=\"application\/ld+json\" class=\"yoast-schema-graph\">{\"@context\":\"https:\/\/schema.org\",\"@graph\":[{\"@type\":\"WebPage\",\"@id\":\"https:\/\/budrich-training.de\/en\/en\/geschichte\/\",\"url\":\"https:\/\/budrich-training.de\/en\/en\/geschichte\/\",\"name\":\"Geschichte - budrich training\",\"isPartOf\":{\"@id\":\"https:\/\/budrich-training.de\/en\/#website\"},\"primaryImageOfPage\":{\"@id\":\"https:\/\/budrich-training.de\/en\/en\/geschichte\/#primaryimage\"},\"image\":{\"@id\":\"https:\/\/budrich-training.de\/en\/en\/geschichte\/#primaryimage\"},\"thumbnailUrl\":\"https:\/\/budrich-training.de\/en\/wp-content\/uploads\/2017\/10\/library-2414380_1920-Varun-Kulkarni.jpg\",\"datePublished\":\"2016-02-12T08:09:36+00:00\",\"dateModified\":\"2022-11-22T16:16:19+00:00\",\"breadcrumb\":{\"@id\":\"https:\/\/budrich-training.de\/en\/en\/geschichte\/#breadcrumb\"},\"inLanguage\":\"de\",\"potentialAction\":[{\"@type\":\"ReadAction\",\"target\":[\"https:\/\/budrich-training.de\/en\/en\/geschichte\/\"]}]},{\"@type\":\"ImageObject\",\"inLanguage\":\"de\",\"@id\":\"https:\/\/budrich-training.de\/en\/en\/geschichte\/#primaryimage\",\"url\":\"https:\/\/budrich-training.de\/en\/wp-content\/uploads\/2017\/10\/library-2414380_1920-Varun-Kulkarni.jpg\",\"contentUrl\":\"https:\/\/budrich-training.de\/en\/wp-content\/uploads\/2017\/10\/library-2414380_1920-Varun-Kulkarni.jpg\",\"width\":1920,\"height\":1280},{\"@type\":\"BreadcrumbList\",\"@id\":\"https:\/\/budrich-training.de\/en\/en\/geschichte\/#breadcrumb\",\"itemListElement\":[{\"@type\":\"ListItem\",\"position\":1,\"name\":\"Startseite\",\"item\":\"https:\/\/budrich-training.de\/en\/\"},{\"@type\":\"ListItem\",\"position\":2,\"name\":\"Geschichte\"}]},{\"@type\":\"WebSite\",\"@id\":\"https:\/\/budrich-training.de\/en\/#website\",\"url\":\"https:\/\/budrich-training.de\/en\/\",\"name\":\"budrich training\",\"description\":\"Key skills for your academic career\",\"potentialAction\":[{\"@type\":\"SearchAction\",\"target\":{\"@type\":\"EntryPoint\",\"urlTemplate\":\"https:\/\/budrich-training.de\/en\/?s={search_term_string}\"},\"query-input\":{\"@type\":\"PropertyValueSpecification\",\"valueRequired\":true,\"valueName\":\"search_term_string\"}}],\"inLanguage\":\"de\"}]}<\/script>\n<!-- \/ Yoast SEO plugin. -->","yoast_head_json":{"title":"Geschichte - budrich training","robots":{"index":"index","follow":"follow","max-snippet":"max-snippet:-1","max-image-preview":"max-image-preview:large","max-video-preview":"max-video-preview:-1"},"canonical":"https:\/\/budrich-training.de\/en\/en\/geschichte\/","og_locale":"en_US","og_type":"article","og_title":"Geschichte - budrich training","og_description":"Nullam ut tempor eros. Donec faucibus, velit et imperdiet aliquam, lacus velit luctus urna, vitae porttitor orci libero id felis.","og_url":"https:\/\/budrich-training.de\/en\/en\/geschichte\/","og_site_name":"budrich training","article_modified_time":"2022-11-22T16:16:19+00:00","og_image":[{"width":1920,"height":1280,"url":"https:\/\/budrich-training.de\/en\/wp-content\/uploads\/2017\/10\/library-2414380_1920-Varun-Kulkarni.jpg","type":"image\/jpeg"}],"twitter_card":"summary_large_image","twitter_misc":{"Gesch\u00e4tzte Lesezeit":"2\u00a0Minuten"},"schema":{"@context":"https:\/\/schema.org","@graph":[{"@type":"WebPage","@id":"https:\/\/budrich-training.de\/en\/en\/geschichte\/","url":"https:\/\/budrich-training.de\/en\/en\/geschichte\/","name":"Geschichte - budrich training","isPartOf":{"@id":"https:\/\/budrich-training.de\/en\/#website"},"primaryImageOfPage":{"@id":"https:\/\/budrich-training.de\/en\/en\/geschichte\/#primaryimage"},"image":{"@id":"https:\/\/budrich-training.de\/en\/en\/geschichte\/#primaryimage"},"thumbnailUrl":"https:\/\/budrich-training.de\/en\/wp-content\/uploads\/2017\/10\/library-2414380_1920-Varun-Kulkarni.jpg","datePublished":"2016-02-12T08:09:36+00:00","dateModified":"2022-11-22T16:16:19+00:00","breadcrumb":{"@id":"https:\/\/budrich-training.de\/en\/en\/geschichte\/#breadcrumb"},"inLanguage":"de","potentialAction":[{"@type":"ReadAction","target":["https:\/\/budrich-training.de\/en\/en\/geschichte\/"]}]},{"@type":"ImageObject","inLanguage":"de","@id":"https:\/\/budrich-training.de\/en\/en\/geschichte\/#primaryimage","url":"https:\/\/budrich-training.de\/en\/wp-content\/uploads\/2017\/10\/library-2414380_1920-Varun-Kulkarni.jpg","contentUrl":"https:\/\/budrich-training.de\/en\/wp-content\/uploads\/2017\/10\/library-2414380_1920-Varun-Kulkarni.jpg","width":1920,"height":1280},{"@type":"BreadcrumbList","@id":"https:\/\/budrich-training.de\/en\/en\/geschichte\/#breadcrumb","itemListElement":[{"@type":"ListItem","position":1,"name":"Startseite","item":"https:\/\/budrich-training.de\/en\/"},{"@type":"ListItem","position":2,"name":"Geschichte"}]},{"@type":"WebSite","@id":"https:\/\/budrich-training.de\/en\/#website","url":"https:\/\/budrich-training.de\/en\/","name":"budrich training","description":"Key skills for your academic career","potentialAction":[{"@type":"SearchAction","target":{"@type":"EntryPoint","urlTemplate":"https:\/\/budrich-training.de\/en\/?s={search_term_string}"},"query-input":{"@type":"PropertyValueSpecification","valueRequired":true,"valueName":"search_term_string"}}],"inLanguage":"de"}]}},"_links":{"self":[{"href":"https:\/\/budrich-training.de\/en\/wp-json\/wp\/v2\/pages\/1258","targetHints":{"allow":["GET"]}}],"collection":[{"href":"https:\/\/budrich-training.de\/en\/wp-json\/wp\/v2\/pages"}],"about":[{"href":"https:\/\/budrich-training.de\/en\/wp-json\/wp\/v2\/types\/page"}],"author":[{"embeddable":true,"href":"https:\/\/budrich-training.de\/en\/wp-json\/wp\/v2\/users\/6"}],"replies":[{"embeddable":true,"href":"https:\/\/budrich-training.de\/en\/wp-json\/wp\/v2\/comments?post=1258"}],"version-history":[{"count":10,"href":"https:\/\/budrich-training.de\/en\/wp-json\/wp\/v2\/pages\/1258\/revisions"}],"predecessor-version":[{"id":7373,"href":"https:\/\/budrich-training.de\/en\/wp-json\/wp\/v2\/pages\/1258\/revisions\/7373"}],"wp:featuredmedia":[{"embeddable":true,"href":"https:\/\/budrich-training.de\/en\/wp-json\/wp\/v2\/media\/18"}],"wp:attachment":[{"href":"https:\/\/budrich-training.de\/en\/wp-json\/wp\/v2\/media?parent=1258"}],"curies":[{"name":"wp","href":"https:\/\/api.w.org\/{rel}","templated":true}]}}